{"id":58,"date":"2021-02-17T15:40:30","date_gmt":"2021-02-17T15:40:30","guid":{"rendered":"https:\/\/tobe-there.com\/?page_id=58"},"modified":"2022-11-20T17:16:56","modified_gmt":"2022-11-20T15:16:56","slug":"services","status":"publish","type":"page","link":"https:\/\/tobe-there.com\/fr\/services\/","title":{"rendered":"Nos services"},"content":{"rendered":"<h1 style=\"color:#4267B2;text-align: center;\"><strong>Nos services<\/strong><\/h1>\n\n\n\n<p><strong><em>Nos services<\/em><\/strong><\/p>\n\n\n\n<p>Que vous voyagiez seul ou en groupe, nous pouvons vous fournir de nombreux services pour vous assurer un voyage s\u00e9curis\u00e9, productif et agr\u00e9able. Gr\u00e2ce \u00e0 un r\u00e9seau de contacts dans de nombreux domaines \u2013 histoire, arch\u00e9ologie, \u00e9cologie, agriculture, politique \u2013 nous pouvons vous aider, et ce quels que soient vos int\u00e9r\u00eats, ainsi que votre budget.&nbsp;<\/p>\n\n\n\n<ul class=\"wp-block-list\">\n<li><em>Itin\u00e9raires :<\/em>&nbsp;vous ne savez pas par o\u00f9 commencer\u00a0? Nous serons ravis de discuter de vos id\u00e9es, pour vous construire un programme sur-mesure\u00a0; par exemple, si vous n\u2019avez que quelques jours, ou \u00eates int\u00e9ress\u00e9s par certaines exp\u00e9riences sp\u00e9cifiques, contactez nous\u00a0! Nous pouvons parler de vos envies, et faire en sorte de satisfaire vos exigences.&nbsp;<\/li>\n\n\n\n<li><em>Transport :&nbsp;&nbsp;<\/em>location de voiture, taxis priv\u00e9s, mini vans, bus\u00a0; nous r\u00e9pondrons \u00e0\u00a0vos exigences et besoins en termes de transports.&nbsp;<\/li>\n\n\n\n<li><em>H\u00e9bergement :<\/em>&nbsp; nous pr\u00e9voyons les h\u00f4tels, guesthouse, appartements priv\u00e9s et s\u00e9jours chez des familles, compris dans nos programmes.&nbsp;<\/li>\n\n\n\n<li><em>Soutien logistique :&nbsp;&nbsp;<\/em>pour ceux d\u2019entre vous qui viennent dans un cadre professionnel ou de recherche, nous pouvons vous aider \u00e0 trouver tout l\u2019\u00e9quipement et\/ou les contacts qui vous sont n\u00e9cessaires, individus ou organisations dans votre terrain d\u2019\u00e9tudes\/de travail (par exemple, mat\u00e9riel de tournage, m\u00e9dias, ou contact d\u2019agences de journalisme, etc).<\/li>\n<\/ul>\n\n\n\n<p>&nbsp;<em>* Veuillez noter qu\u2019\u00e0 cause des restrictions de voyage qu\u2019impose Israel, nous sommes dans l\u2019incapacit\u00e9 de coordonner les entr\u00e9es dans la bande de Gaza.\nNotre programme annuel comprend les \u00e9v\u00e8nements suivants\u00a0:\n\n\u2022 Plantation d\u2019arbres\n\u2022 M\u00e9dias &amp; Palestine\n\u2022 Journ\u00e9e de la Terre en Palestine\n\u2022 R\u00e9colte d\u2019olives en Palestine\n\u2022 No\u00ebl en Palestine\n\u2022 Tous les dimanches, visite politique de Bethl\u00e9em<\/em><\/p>","protected":false},"excerpt":{"rendered":"<p>Services Our services Whether you are travelling as an individual or as part of a group there are a number of services we can provide to ensure you have a safe, productive and enjoyable trip. We have a large network of contacts in a number of fields, so no matter where your interests lie \u2013&#8230;<\/p>","protected":false},"author":1,"featured_media":0,"parent":0,"menu_order":0,"comment_status":"closed","ping_status":"closed","template":"","meta":{"_kadence_starter_templates_imported_post":false,"_kad_post_transparent":"","_kad_post_title":"","_kad_post_layout":"","_kad_post_sidebar_id":"","_kad_post_content_style":"","_kad_post_vertical_padding":"","_kad_post_feature":"","_kad_post_feature_position":"","_kad_post_header":false,"_kad_post_footer":false,"_glsr_average":0,"_glsr_ranking":0,"_glsr_reviews":0,"footnotes":""},"class_list":["post-58","page","type-page","status-publish","hentry"],"jetpack_sharing_enabled":true,"_links":{"self":[{"href":"https:\/\/tobe-there.com\/fr\/wp-json\/wp\/v2\/pages\/58","targetHints":{"allow":["GET"]}}],"collection":[{"href":"https:\/\/tobe-there.com\/fr\/wp-json\/wp\/v2\/pages"}],"about":[{"href":"https:\/\/tobe-there.com\/fr\/wp-json\/wp\/v2\/types\/page"}],"author":[{"embeddable":true,"href":"https:\/\/tobe-there.com\/fr\/wp-json\/wp\/v2\/users\/1"}],"replies":[{"embeddable":true,"href":"https:\/\/tobe-there.com\/fr\/wp-json\/wp\/v2\/comments?post=58"}],"version-history":[{"count":0,"href":"https:\/\/tobe-there.com\/fr\/wp-json\/wp\/v2\/pages\/58\/revisions"}],"wp:attachment":[{"href":"https:\/\/tobe-there.com\/fr\/wp-json\/wp\/v2\/media?parent=58"}],"curies":[{"name":"wp","href":"https:\/\/api.w.org\/{rel}","templated":true}]}}