{"id":56,"date":"2021-02-17T15:40:30","date_gmt":"2021-02-17T15:40:30","guid":{"rendered":"https:\/\/tobe-there.com\/?page_id=56"},"modified":"2021-02-19T15:24:03","modified_gmt":"2021-02-19T15:24:03","slug":"been-there","status":"publish","type":"page","link":"https:\/\/tobe-there.com\/fr\/been-there\/","title":{"rendered":"Been There"},"content":{"rendered":"<h1 style=\"color:#4267B2;text-align: center;\"><strong>Been There<\/strong><\/h1>\n\n\n<div class=\"glsr glsr-default\" id=\"glsr_56858794\" data-from=\"block\" data-shortcode=\"site_reviews_summary\"><div class=\"glsr-summary-wrap\">\n    <div class=\"glsr-summary\">\n        <div class=\"glsr-summary-rating\"><span class=\"glsr-tag-value\">5,0<\/span><\/div>\n        <div class=\"glsr-summary-stars\"><div class=\"glsr-star-rating glsr-stars\" role=\"img\" aria-label=\"Rated 5 out of 5 stars based on 8 ratings\" data-rating=\"5\" data-reviews=\"8\"><span class=\"glsr-star glsr-star-full\" aria-hidden=\"true\"><\/span><span class=\"glsr-star glsr-star-full\" aria-hidden=\"true\"><\/span><span class=\"glsr-star glsr-star-full\" aria-hidden=\"true\"><\/span><span class=\"glsr-star glsr-star-full\" aria-hidden=\"true\"><\/span><span class=\"glsr-star glsr-star-full\" aria-hidden=\"true\"><\/span><\/div><\/div>\n        <div class=\"glsr-summary-text\"><span class=\"glsr-tag-value\">5,0 \u00e9toiles sur 5 (selon 8 avis)<\/span><\/div>\n        <div class=\"glsr-summary-percentages\"><div class=\"glsr-bar\" data-level=\"5\"><span class=\"glsr-bar-label\">Excellent<\/span><span class=\"glsr-bar-background\"><span class=\"glsr-bar-background-percent\" style=\"width:100%\"><\/span><\/span><span class=\"glsr-bar-percent\">100%<\/span><\/div><div class=\"glsr-bar\" data-level=\"4\"><span class=\"glsr-bar-label\">Tr\u00e8s bon<\/span><span class=\"glsr-bar-background\"><span class=\"glsr-bar-background-percent\" style=\"width:0%\"><\/span><\/span><span class=\"glsr-bar-percent\">0%<\/span><\/div><div class=\"glsr-bar\" data-level=\"3\"><span class=\"glsr-bar-label\">Moyen<\/span><span class=\"glsr-bar-background\"><span class=\"glsr-bar-background-percent\" style=\"width:0%\"><\/span><\/span><span class=\"glsr-bar-percent\">0%<\/span><\/div><div class=\"glsr-bar\" data-level=\"2\"><span class=\"glsr-bar-label\">Passable<\/span><span class=\"glsr-bar-background\"><span class=\"glsr-bar-background-percent\" style=\"width:0%\"><\/span><\/span><span class=\"glsr-bar-percent\">0%<\/span><\/div><div class=\"glsr-bar\" data-level=\"1\"><span class=\"glsr-bar-label\">D\u00e9cevant<\/span><span class=\"glsr-bar-background\"><span class=\"glsr-bar-background-percent\" style=\"width:0%\"><\/span><\/span><span class=\"glsr-bar-percent\">0%<\/span><\/div><\/div>\n    <\/div>\n<\/div><\/div>\n\n<div class=\"glsr glsr-default\" id=\"glsr_4c121724\" data-from=\"block\" data-shortcode=\"site_reviews\"><div class=\"glsr-reviews-wrap\">\n    <div class=\"glsr-reviews\">\n        <div class=\"glsr-review\" data-type=\"local\" id=\"review-1228\" data-assigned='[]'>\n    <div class=\"glsr-review-title\"><h4 class=\"glsr-tag-value\">Madel\u00e9n &#8211; Norway<\/h4><\/div>\n    <div class=\"glsr-review-rating\"><div class=\"glsr-star-rating glsr-stars\" role=\"img\" aria-label=\"Rated 5 out of 5 stars\" data-rating=\"5\" data-reviews=\"0\"><span class=\"glsr-star glsr-star-full\" aria-hidden=\"true\"><\/span><span class=\"glsr-star glsr-star-full\" aria-hidden=\"true\"><\/span><span class=\"glsr-star glsr-star-full\" aria-hidden=\"true\"><\/span><span class=\"glsr-star glsr-star-full\" aria-hidden=\"true\"><\/span><span class=\"glsr-star glsr-star-full\" aria-hidden=\"true\"><\/span><\/div><\/div> <div class=\"glsr-review-date\"><span class=\"glsr-tag-value\">24\/04\/2024<\/span><\/div>\n    \n    <div class=\"glsr-review-content\"><div class=\"glsr-tag-value\" data-expanded=\"false\"><p class=\"glsr-hidden-text\" data-show-less=\"Afficher moins\" data-show-more=\"Afficher plus\" data-trigger=\"modal\">I traveled to Palestine in August, 2023. This was definitely the most emotional and educational travel I have ever experienced. The trip was well organized, we traveled to different destinations and met lots of locals. I really recommend others to see the occupation with their own eyes. I&#8217;m extremely grateful, Thanks a lot<span class=\"glsr-hidden\"> Baha!<\/span><\/p><\/div><\/div>\n    <div class=\"glsr-review-avatar\"><img decoding=\"async\" style=\"width:40px; height:40px;\" alt=\"Avatar de Madelen Andreassen\" height=\"80\" loading=\"lazy\" src=\"https:\/\/secure.gravatar.com\/avatar\/ac93539d5abef2a94f2dae3f99a9e812?s=80&amp;d=mm&amp;r=g\" width=\"80\" \/><\/div> <div class=\"glsr-review-author\"><span class=\"glsr-tag-value\">Madelen Andreassen<\/span><\/div> \n    \n<\/div>\n<div class=\"glsr-review\" data-type=\"local\" id=\"review-1160\" data-assigned='[]'>\n    <div class=\"glsr-review-title\"><h4 class=\"glsr-tag-value\">Paolo (London)<\/h4><\/div>\n    <div class=\"glsr-review-rating\"><div class=\"glsr-star-rating glsr-stars\" role=\"img\" aria-label=\"Rated 5 out of 5 stars\" data-rating=\"5\" data-reviews=\"0\"><span class=\"glsr-star glsr-star-full\" aria-hidden=\"true\"><\/span><span class=\"glsr-star glsr-star-full\" aria-hidden=\"true\"><\/span><span class=\"glsr-star glsr-star-full\" aria-hidden=\"true\"><\/span><span class=\"glsr-star glsr-star-full\" aria-hidden=\"true\"><\/span><span class=\"glsr-star glsr-star-full\" aria-hidden=\"true\"><\/span><\/div><\/div> <div class=\"glsr-review-date\"><span class=\"glsr-tag-value\">18\/11\/2022<\/span><\/div>\n    \n    <div class=\"glsr-review-content\"><div class=\"glsr-tag-value\" data-expanded=\"false\"><p>Been a few years since I was in Palestine. Travelled with Julia and we both joined another excellent tobe-there itinerary. If you&#8217;re new to visiting Palestine or have been before, Baha and Kristel (and the wider Palestinian family) will look after you. When you go to Palestine, join with tobe-there!<\/p><\/div><\/div>\n    <div class=\"glsr-review-avatar\"><img decoding=\"async\" style=\"width:40px; height:40px;\" alt=\"Avatar de Paolo\" height=\"80\" loading=\"lazy\" src=\"https:\/\/secure.gravatar.com\/avatar\/c089325afc84610c9ab3799bc74552c6?s=80&amp;d=mm&amp;r=g\" width=\"80\" \/><\/div> <div class=\"glsr-review-author\"><span class=\"glsr-tag-value\">Paolo<\/span><\/div> \n    \n<\/div>\n<div class=\"glsr-review\" data-type=\"local\" id=\"review-827\" data-assigned='[]'>\n    <div class=\"glsr-review-title\"><h4 class=\"glsr-tag-value\">Lisa, UK<\/h4><\/div>\n    <div class=\"glsr-review-rating\"><div class=\"glsr-star-rating glsr-stars\" role=\"img\" aria-label=\"Rated 5 out of 5 stars\" data-rating=\"5\" data-reviews=\"0\"><span class=\"glsr-star glsr-star-full\" aria-hidden=\"true\"><\/span><span class=\"glsr-star glsr-star-full\" aria-hidden=\"true\"><\/span><span class=\"glsr-star glsr-star-full\" aria-hidden=\"true\"><\/span><span class=\"glsr-star glsr-star-full\" aria-hidden=\"true\"><\/span><span class=\"glsr-star glsr-star-full\" aria-hidden=\"true\"><\/span><\/div><\/div> <div class=\"glsr-review-date\"><span class=\"glsr-tag-value\">27\/02\/2021<\/span><\/div>\n    \n    <div class=\"glsr-review-content\"><div class=\"glsr-tag-value\" data-expanded=\"false\"><p class=\"glsr-hidden-text\" data-show-less=\"Afficher moins\" data-show-more=\"Afficher plus\" data-trigger=\"modal\">We all have a responsibility to educate ourselves on the subject of Palestine and \u201cTo Be There\u201d is the best way to do it! Our learned, articulate, and spirited guide added historical detail to the geographical realities we experienced in the present, so that the beauty and trauma of this land came alive for us<span class=\"glsr-hidden\">.<\/span><\/p>\n<p class=\"glsr-hidden\">The stories of Palestine will always travel with me.<\/p><\/div><\/div>\n    <div class=\"glsr-review-avatar\"><img decoding=\"async\" style=\"width:40px; height:40px;\" alt=\"Avatar de Lisa, UK\" height=\"80\" loading=\"lazy\" src=\"https:\/\/secure.gravatar.com\/avatar\/63c377a21fff376f98aa5e2ef32fd230?s=40&amp;d=mm&amp;r=g\" width=\"80\" \/><\/div> <div class=\"glsr-review-author\"><span class=\"glsr-tag-value\">Lisa, UK<\/span><\/div> \n    \n<\/div>\n<div class=\"glsr-review\" data-type=\"local\" id=\"review-825\" data-assigned='[]'>\n    <div class=\"glsr-review-title\"><h4 class=\"glsr-tag-value\">A. Hagman &#8211; Sweden<\/h4><\/div>\n    <div class=\"glsr-review-rating\"><div class=\"glsr-star-rating glsr-stars\" role=\"img\" aria-label=\"Rated 5 out of 5 stars\" data-rating=\"5\" data-reviews=\"0\"><span class=\"glsr-star glsr-star-full\" aria-hidden=\"true\"><\/span><span class=\"glsr-star glsr-star-full\" aria-hidden=\"true\"><\/span><span class=\"glsr-star glsr-star-full\" aria-hidden=\"true\"><\/span><span class=\"glsr-star glsr-star-full\" aria-hidden=\"true\"><\/span><span class=\"glsr-star glsr-star-full\" aria-hidden=\"true\"><\/span><\/div><\/div> <div class=\"glsr-review-date\"><span class=\"glsr-tag-value\">27\/02\/2021<\/span><\/div>\n    \n    <div class=\"glsr-review-content\"><div class=\"glsr-tag-value\" data-expanded=\"false\"><p class=\"glsr-hidden-text\" data-show-less=\"Afficher moins\" data-show-more=\"Afficher plus\" data-trigger=\"modal\">Even if I had read a lot about the situation and knew many people from Palestine from before it was a very emotional and striking experience for me to actually see the physical signs of the occupation, the most obvious one of course being the wall. And I think the best feedback you could have<span class=\"glsr-hidden\"> is that I keep recommending people.<\/span><\/p><\/div><\/div>\n    <div class=\"glsr-review-avatar\"><img decoding=\"async\" style=\"width:40px; height:40px;\" alt=\"Avatar de A. Hagman - Sweden\" height=\"80\" loading=\"lazy\" src=\"https:\/\/secure.gravatar.com\/avatar\/5d0fca77708d1963d5f3fe511091f0aa?s=40&amp;d=mm&amp;r=g\" width=\"80\" \/><\/div> <div class=\"glsr-review-author\"><span class=\"glsr-tag-value\">A. Hagman &#8211; Sweden<\/span><\/div> \n    \n<\/div>\n<div class=\"glsr-review\" data-type=\"local\" id=\"review-823\" data-assigned='[]'>\n    <div class=\"glsr-review-title\"><h4 class=\"glsr-tag-value\">K. M\u00e6hlumshagen &#8211; Norway<\/h4><\/div>\n    <div class=\"glsr-review-rating\"><div class=\"glsr-star-rating glsr-stars\" role=\"img\" aria-label=\"Rated 5 out of 5 stars\" data-rating=\"5\" data-reviews=\"0\"><span class=\"glsr-star glsr-star-full\" aria-hidden=\"true\"><\/span><span class=\"glsr-star glsr-star-full\" aria-hidden=\"true\"><\/span><span class=\"glsr-star glsr-star-full\" aria-hidden=\"true\"><\/span><span class=\"glsr-star glsr-star-full\" aria-hidden=\"true\"><\/span><span class=\"glsr-star glsr-star-full\" aria-hidden=\"true\"><\/span><\/div><\/div> <div class=\"glsr-review-date\"><span class=\"glsr-tag-value\">27\/02\/2021<\/span><\/div>\n    \n    <div class=\"glsr-review-content\"><div class=\"glsr-tag-value\" data-expanded=\"false\"><p>The trip was very good \u2026 I really enjoyed it \u2026 It was clear that the tour is well planned and thought out.<\/p>\n<p>Each stop illustrated a point and showed something new.<\/p><\/div><\/div>\n    <div class=\"glsr-review-avatar\"><img decoding=\"async\" style=\"width:40px; height:40px;\" alt=\"Avatar de K. M\u00e6hlumshagen - Norway\" height=\"80\" loading=\"lazy\" src=\"https:\/\/secure.gravatar.com\/avatar\/b642b4217b34b1e8d3bd915fc65c4452?s=40&amp;d=mm&amp;r=g\" width=\"80\" \/><\/div> <div class=\"glsr-review-author\"><span class=\"glsr-tag-value\">K. M\u00e6hlumshagen &#8211; Norway<\/span><\/div> \n    \n<\/div>\n    <\/div>\n    \n<\/div><\/div>\n\n<div class=\"glsr glsr-default\" id=\"glsr_3a1b285a\" data-from=\"block\" data-shortcode=\"site_reviews_form\"><div class=\"glsr-form-wrap\">\n    <form class=\"glsr-review-form glsr-form\" method=\"post\" enctype=\"multipart\/form-data\" action=\"\">\n        <input type=\"hidden\" name=\"site-reviews[_action]\" value=\"submit-review\" \/>\n<input type=\"hidden\" name=\"site-reviews[_nonce]\" value=\"eb83cd02a8\" \/>\n<input type=\"hidden\" name=\"site-reviews[_post_id]\" value=\"56\" \/>\n<input type=\"hidden\" name=\"site-reviews[_referer]\" value=\"\" \/>\n<input type=\"hidden\" name=\"site-reviews[assigned_posts]\" value=\"\" \/>\n<input type=\"hidden\" name=\"site-reviews[assigned_terms]\" value=\"\" \/>\n<input type=\"hidden\" name=\"site-reviews[assigned_users]\" value=\"\" \/>\n<input type=\"hidden\" name=\"site-reviews[excluded]\" value=\"\" \/>\n<input type=\"hidden\" name=\"site-reviews[form_id]\" value=\"glsr_3a1b285a\" \/>\n<input type=\"hidden\" name=\"site-reviews[terms_exist]\" value=\"1\" \/>\n<input type=\"hidden\" name=\"site-reviews[form_signature]\" value=\"mxjyaIvX_Fg9J2q1-Bbtv02YdCcYWZf3u-2zXNXfSHTR66Lpe5tI__EKjAptZ-m9U3JLjSXC4dOSDJNHfPJDfv78EWIiddM4ZRM3wEaNyBrW8jkutk_wYHanJgt6TuxOj8GFeLmGsRm7NRp6fveeXJOeHpIEgaeKFYxAasffq051zt28-ZlsTYVFDrXtsO7PQ5gZvJhdDh5ACjQru7cYr86yMfkNMJKp_e97dO8GKYMkqjAbs2Do2W8jswFR8t_zEL_Ds2iyL4ROAz5V8XL8RBrJ_3VTtgLOaWhTm97iEkWKwYtst7aR4nziW7B_nHsQ3b2mMx-l5sD9pyHpcoqjAV3Vk-Wc8ZSc6JJIgSzEHn9sk2867RbjZ-mM_amJHZxrtp1ZAD7a0-XfmsjzPDyfdJlN\" \/>\n<div class=\"glsr-field\" style=\"display:none;\"><label for=\"site-reviews-1e0ee2c3-glsr_3a1b285a\">Votre avis<\/label><input type=\"text\" class=\"glsr-input glsr-input-text\" id=\"site-reviews-1e0ee2c3-glsr_3a1b285a\" name=\"site-reviews[1e0ee2c3]\" value=\"\" \/><\/div>\n<div class=\"glsr-field glsr-field-rating glsr-required\" data-field=\"rating\">\n    <label class=\"glsr-label\" for=\"glsr_3a1b285a-rating\">\n    <span>Votre note globale<\/span>\n<\/label>\n    <select class=\"browser-default disable-select no_wrap no-wrap glsr-select\" id=\"glsr_3a1b285a-rating\" name=\"site-reviews[rating]\" required><option value=\"\">S\u00e9lectionnez une note<\/option><option value=\"5\">5 \u00e9toiles<\/option><option value=\"4\">4 \u00e9toiles<\/option><option value=\"3\">3 \u00e9toiles<\/option><option value=\"2\">2 \u00e9toiles<\/option><option value=\"1\">1 \u00e9toile<\/option><\/select>\n    <div class=\"glsr-field-error\"><\/div>\n<\/div>\n<div class=\"glsr-field glsr-field-text glsr-required\" data-field=\"title\">\n    <label class=\"glsr-label\" for=\"glsr_3a1b285a-title\">\n    <span>Titre de votre avis<\/span>\n<\/label>\n    <input type=\"text\" class=\"glsr-input glsr-input-text\" id=\"glsr_3a1b285a-title\" name=\"site-reviews[title]\" required placeholder=\"R\u00e9sumez votre avis ou mettez en \u00e9vidence un d\u00e9tail int\u00e9ressant\" value=\"\" \/>\n    <div class=\"glsr-field-error\"><\/div>\n<\/div>\n<div class=\"glsr-field glsr-field-textarea glsr-required\" data-field=\"content\">\n    <label class=\"glsr-label\" for=\"glsr_3a1b285a-content\">\n    <span>Votre avis<\/span>\n<\/label>\n    <textarea class=\"glsr-textarea\" id=\"glsr_3a1b285a-content\" name=\"site-reviews[content]\" required placeholder=\"Donnez votre avis\" rows=\"5\"><\/textarea>\n    <div class=\"glsr-field-error\"><\/div>\n<\/div>\n<div class=\"glsr-field glsr-field-text glsr-required\" data-field=\"name\">\n    <label class=\"glsr-label\" for=\"glsr_3a1b285a-name\">\n    <span>Votre nom<\/span>\n<\/label>\n    <input type=\"text\" class=\"glsr-input glsr-input-text\" id=\"glsr_3a1b285a-name\" name=\"site-reviews[name]\" required placeholder=\"Donnez votre nom\" value=\"\" \/>\n    <div class=\"glsr-field-error\"><\/div>\n<\/div>\n<div class=\"glsr-field glsr-field-email glsr-required\" data-field=\"email\">\n    <label class=\"glsr-label\" for=\"glsr_3a1b285a-email\">\n    <span>Votre e-mail<\/span>\n<\/label>\n    <input type=\"email\" class=\"glsr-input glsr-input-email\" id=\"glsr_3a1b285a-email\" name=\"site-reviews[email]\" required placeholder=\"Donnez votre e-mail\" value=\"\" \/>\n    <div class=\"glsr-field-error\"><\/div>\n<\/div>\n<div class=\"glsr-field glsr-field-choice\" data-field=\"terms\">\n    \n    <span class=\"glsr-field-toggle\">\n    <span class=\"glsr-toggle\">\n        <label for=\"glsr_3a1b285a-terms-1\">Cette note est fond\u00e9e sur ma propre exp\u00e9rience et mon v\u00e9ritable avis.<\/label>\n        <span class=\"glsr-toggle-switch\">\n            <input type=\"checkbox\" class=\"glsr-input-toggle\" id=\"glsr_3a1b285a-terms-1\" name=\"site-reviews[terms]\" value=\"1\" \/> &#8203; <!-- zero-space character used for alignment -->\n            <span class=\"glsr-toggle-track\"><\/span>\n        <\/span>\n    <\/span>\n<\/span>\n    <div class=\"glsr-field-error\"><\/div>\n<\/div>\n        <div class=\"glsr-form-message\">\n    \n<\/div>\n        <div data-field=\"submit-button\">\n    <div class=\"wp-block-buttons is-layout-flex\">\n        <div class=\"wp-block-button\">\n            <button type=\"submit\" class=\"glsr-button wp-block-button__link wp-element-button\" aria-busy=\"false\" data-loading=\"Submitting, please wait...\">Envoyer un avis<\/button>\n        <\/div>\n    <\/div>\n<\/div>\n    <input type=\"hidden\" name=\"trp-form-language\" value=\"fr\"\/><\/form>\n<\/div><\/div>","protected":false},"excerpt":{"rendered":"<p>Been There<\/p>","protected":false},"author":1,"featured_media":0,"parent":0,"menu_order":0,"comment_status":"closed","ping_status":"closed","template":"","meta":{"_kadence_starter_templates_imported_post":false,"_kad_post_transparent":"","_kad_post_title":"","_kad_post_layout":"","_kad_post_sidebar_id":"","_kad_post_content_style":"","_kad_post_vertical_padding":"","_kad_post_feature":"","_kad_post_feature_position":"","_kad_post_header":false,"_kad_post_footer":false,"_glsr_average":0,"_glsr_ranking":0,"_glsr_reviews":0,"footnotes":""},"class_list":["post-56","page","type-page","status-publish","hentry"],"jetpack_sharing_enabled":true,"_links":{"self":[{"href":"https:\/\/tobe-there.com\/fr\/wp-json\/wp\/v2\/pages\/56","targetHints":{"allow":["GET"]}}],"collection":[{"href":"https:\/\/tobe-there.com\/fr\/wp-json\/wp\/v2\/pages"}],"about":[{"href":"https:\/\/tobe-there.com\/fr\/wp-json\/wp\/v2\/types\/page"}],"author":[{"embeddable":true,"href":"https:\/\/tobe-there.com\/fr\/wp-json\/wp\/v2\/users\/1"}],"replies":[{"embeddable":true,"href":"https:\/\/tobe-there.com\/fr\/wp-json\/wp\/v2\/comments?post=56"}],"version-history":[{"count":0,"href":"https:\/\/tobe-there.com\/fr\/wp-json\/wp\/v2\/pages\/56\/revisions"}],"wp:attachment":[{"href":"https:\/\/tobe-there.com\/fr\/wp-json\/wp\/v2\/media?parent=56"}],"curies":[{"name":"wp","href":"https:\/\/api.w.org\/{rel}","templated":true}]}}