{"id":58,"date":"2021-02-17T15:40:30","date_gmt":"2021-02-17T15:40:30","guid":{"rendered":"https:\/\/tobe-there.com\/?page_id=58"},"modified":"2022-11-20T17:16:56","modified_gmt":"2022-11-20T15:16:56","slug":"services","status":"publish","type":"page","link":"https:\/\/tobe-there.com\/es\/services\/","title":{"rendered":"Nuestros servicios"},"content":{"rendered":"<h1 style=\"color:#4267B2;text-align: center;\"><strong>Nuestros servicios<\/strong><\/h1>\n\n\n\n<p><strong><em>Nuestros servicios<\/em><\/strong><\/p>\n\n\n\n<p>Tanto si viajas solo o en grupo podemos proporcionarte varios servicios para asegurarte que tengas un viaje seguro, productivo y agradable. Tenemos una extensa red de contactos en muchos campos, as\u00ed que seg\u00fan tu inter\u00e9s -historia, teolog\u00eda, arqueolog\u00eda, arquitectura, ecolog\u00eda, agricultura o pol\u00edtica- e independientemente de tu presupuesto te podemos ayudar.&nbsp;<\/p>\n\n\n\n<ul class=\"wp-block-list\">\n<li><em>Itinerarios:<\/em>&nbsp;\u00bfNo est\u00e1s seguro por d\u00f3nde empezar? Estamos encantados de debatir cualquier idea que puedas tener y de poder dise\u00f1arte un programa a medida; por ejemplo si tienes solamente pocos d\u00edas o est\u00e1s interesado en diferentes experiencias, ponte en contacto con nosotros. Estaremos encantados de discutir tus preferencias y trabajar contigo para satisfacer tus necesidades.&nbsp;<\/li>\n\n\n\n<li><em>Transporte:&nbsp;&nbsp;<\/em>Trabajaremos para asegurar que se cumplan tus necesidades particulares de transporte y que se adapte a tus necesidades, incluyendo coches de alquiler, taxis privados, mini furgonetas y autobuses.&nbsp;<\/li>\n\n\n\n<li><em>Alojamiento:<\/em>&nbsp; Todos nuestros programas incluyen hoteles, pensiones, pisos privados y tambi\u00e9n podemos concertar estancias con familias.&nbsp;<\/li>\n\n\n\n<li><em>Apoyo log\u00edstico:&nbsp;&nbsp;<\/em>Para los visitantes que vienen a t\u00edtulo profesional o de investigaci\u00f3n, te podemos ayudar para encontrar el equipamiento que necesites y\/o contactos de suministros para individuales y organizaciones que se especializan en tu campo de trabajo o estudio (por ejemplo, equipamiento para cineastas, medios de comunicaci\u00f3n, contactos de agencias para periodistas, etc.)<\/li>\n<\/ul>\n\n\n\n<p>&nbsp;<em>*Tenga en cuenta que debido a las restricciones de viaje impuestas por Israel no podemos coordinar la entrada a la Franja de Gaza.\nNuestro programa anual es:\n\n\u2022 Plantaci\u00f3n de arboles\n\u2022 Medios de comunicaci\u00f3n en Palestina\n\u2022 D\u00eda de la Tierra Palestina\n\u2022 Recolecci\u00f3n de aceitunas en Palestina\n\u2022 Navidad en Palestina<\/em><\/p>","protected":false},"excerpt":{"rendered":"<p>Services Our services Whether you are travelling as an individual or as part of a group there are a number of services we can provide to ensure you have a safe, productive and enjoyable trip. We have a large network of contacts in a number of fields, so no matter where your interests lie \u2013&#8230;<\/p>","protected":false},"author":1,"featured_media":0,"parent":0,"menu_order":0,"comment_status":"closed","ping_status":"closed","template":"","meta":{"_kadence_starter_templates_imported_post":false,"_kad_post_transparent":"","_kad_post_title":"","_kad_post_layout":"","_kad_post_sidebar_id":"","_kad_post_content_style":"","_kad_post_vertical_padding":"","_kad_post_feature":"","_kad_post_feature_position":"","_kad_post_header":false,"_kad_post_footer":false,"_glsr_average":0,"_glsr_ranking":0,"_glsr_reviews":0,"footnotes":""},"class_list":["post-58","page","type-page","status-publish","hentry"],"jetpack_sharing_enabled":true,"_links":{"self":[{"href":"https:\/\/tobe-there.com\/es\/wp-json\/wp\/v2\/pages\/58","targetHints":{"allow":["GET"]}}],"collection":[{"href":"https:\/\/tobe-there.com\/es\/wp-json\/wp\/v2\/pages"}],"about":[{"href":"https:\/\/tobe-there.com\/es\/wp-json\/wp\/v2\/types\/page"}],"author":[{"embeddable":true,"href":"https:\/\/tobe-there.com\/es\/wp-json\/wp\/v2\/users\/1"}],"replies":[{"embeddable":true,"href":"https:\/\/tobe-there.com\/es\/wp-json\/wp\/v2\/comments?post=58"}],"version-history":[{"count":0,"href":"https:\/\/tobe-there.com\/es\/wp-json\/wp\/v2\/pages\/58\/revisions"}],"wp:attachment":[{"href":"https:\/\/tobe-there.com\/es\/wp-json\/wp\/v2\/media?parent=58"}],"curies":[{"name":"wp","href":"https:\/\/api.w.org\/{rel}","templated":true}]}}